{"id":125,"date":"2020-05-28T15:29:52","date_gmt":"2020-05-28T13:29:52","guid":{"rendered":"http:\/\/www.animakids.lu\/?page_id=125"},"modified":"2020-06-04T15:29:36","modified_gmt":"2020-06-04T13:29:36","slug":"confiseries","status":"publish","type":"page","link":"https:\/\/www.animakids.lu\/index.php\/confiseries\/","title":{"rendered":"CONFISERIES"},"content":{"rendered":"\t\t<div data-elementor-type=\"wp-page\" data-elementor-id=\"125\" class=\"elementor elementor-125\">\n\t\t\t\t\t\t<section class=\"elementor-section elementor-top-section elementor-element elementor-element-91e0aa6 elementor-section-boxed elementor-section-height-default elementor-section-height-default\" data-id=\"91e0aa6\" data-element_type=\"section\">\n\t\t\t\t\t\t<div class=\"elementor-container elementor-column-gap-default\">\n\t\t\t\t\t<div class=\"elementor-column elementor-col-25 elementor-top-column elementor-element elementor-element-0d1fed4\" data-id=\"0d1fed4\" data-element_type=\"column\">\n\t\t\t<div class=\"elementor-widget-wrap\">\n\t\t\t\t\t\t\t<\/div>\n\t\t<\/div>\n\t\t\t\t<div class=\"elementor-column elementor-col-25 elementor-top-column elementor-element elementor-element-1bb991d\" data-id=\"1bb991d\" data-element_type=\"column\">\n\t\t\t<div class=\"elementor-widget-wrap elementor-element-populated\">\n\t\t\t\t\t\t<div class=\"elementor-element elementor-element-2d6450c elementor-widget elementor-widget-image\" data-id=\"2d6450c\" data-element_type=\"widget\" data-widget_type=\"image.default\">\n\t\t\t\t<div class=\"elementor-widget-container\">\n\t\t\t\t\t\t\t\t\t\t\t\t\t<img fetchpriority=\"high\" decoding=\"async\" width=\"1024\" height=\"768\" src=\"https:\/\/www.animakids.lu\/wp-content\/uploads\/2020\/06\/Barbe-\u00e0-papa.jpg\" class=\"attachment-large size-large wp-image-212\" alt=\"\" srcset=\"https:\/\/www.animakids.lu\/wp-content\/uploads\/2020\/06\/Barbe-\u00e0-papa.jpg 1024w, https:\/\/www.animakids.lu\/wp-content\/uploads\/2020\/06\/Barbe-\u00e0-papa-300x225.jpg 300w, https:\/\/www.animakids.lu\/wp-content\/uploads\/2020\/06\/Barbe-\u00e0-papa-768x576.jpg 768w\" sizes=\"(max-width: 1024px) 100vw, 1024px\" \/>\t\t\t\t\t\t\t\t\t\t\t\t\t<\/div>\n\t\t\t\t<\/div>\n\t\t\t\t<div class=\"elementor-element elementor-element-5a8c3ed elementor-widget elementor-widget-heading\" data-id=\"5a8c3ed\" data-element_type=\"widget\" data-widget_type=\"heading.default\">\n\t\t\t\t<div class=\"elementor-widget-container\">\n\t\t\t<h4 class=\"elementor-heading-title elementor-size-default\">Barbe \u00e0 Papa<\/h4>\t\t<\/div>\n\t\t\t\t<\/div>\n\t\t\t\t<div class=\"elementor-element elementor-element-a0f92ba elementor-widget elementor-widget-text-editor\" data-id=\"a0f92ba\" data-element_type=\"widget\" data-widget_type=\"text-editor.default\">\n\t\t\t\t<div class=\"elementor-widget-container\">\n\t\t\t\t\t\t\t<p>\u00e0 partir de 79 \u20ac<\/p><p><em>Possibilit\u00e9 d&rsquo;acheter le colorant et le sucre<\/em><\/p><p><em>Plusieurs go\u00fbts disponibles<\/em><\/p>\t\t\t\t\t\t<\/div>\n\t\t\t\t<\/div>\n\t\t\t\t\t<\/div>\n\t\t<\/div>\n\t\t\t\t<div class=\"elementor-column elementor-col-25 elementor-top-column elementor-element elementor-element-01ffa58\" data-id=\"01ffa58\" data-element_type=\"column\">\n\t\t\t<div class=\"elementor-widget-wrap elementor-element-populated\">\n\t\t\t\t\t\t<div class=\"elementor-element elementor-element-20ab180 elementor-widget elementor-widget-image\" data-id=\"20ab180\" data-element_type=\"widget\" data-widget_type=\"image.default\">\n\t\t\t\t<div class=\"elementor-widget-container\">\n\t\t\t\t\t\t\t\t\t\t\t\t\t<img decoding=\"async\" width=\"1024\" height=\"768\" src=\"https:\/\/www.animakids.lu\/wp-content\/uploads\/2020\/06\/Pop-Corn.jpg\" class=\"attachment-large size-large wp-image-215\" alt=\"\" srcset=\"https:\/\/www.animakids.lu\/wp-content\/uploads\/2020\/06\/Pop-Corn.jpg 1024w, https:\/\/www.animakids.lu\/wp-content\/uploads\/2020\/06\/Pop-Corn-300x225.jpg 300w, https:\/\/www.animakids.lu\/wp-content\/uploads\/2020\/06\/Pop-Corn-768x576.jpg 768w\" sizes=\"(max-width: 1024px) 100vw, 1024px\" \/>\t\t\t\t\t\t\t\t\t\t\t\t\t<\/div>\n\t\t\t\t<\/div>\n\t\t\t\t<div class=\"elementor-element elementor-element-3a23743 elementor-widget elementor-widget-heading\" data-id=\"3a23743\" data-element_type=\"widget\" data-widget_type=\"heading.default\">\n\t\t\t\t<div class=\"elementor-widget-container\">\n\t\t\t<h4 class=\"elementor-heading-title elementor-size-default\">Pop Corn<\/h4>\t\t<\/div>\n\t\t\t\t<\/div>\n\t\t\t\t<div class=\"elementor-element elementor-element-6e56e4e elementor-widget elementor-widget-text-editor\" data-id=\"6e56e4e\" data-element_type=\"widget\" data-widget_type=\"text-editor.default\">\n\t\t\t\t<div class=\"elementor-widget-container\">\n\t\t\t\t\t\t\t<p>\u00e0 partir de 79 \u20ac<\/p><p><em>Possibilit\u00e9 d&rsquo;acheter le pop corn d\u00e9j\u00e0 \u00e9clat\u00e9 ainsi que les sachets<\/em><\/p>\t\t\t\t\t\t<\/div>\n\t\t\t\t<\/div>\n\t\t\t\t\t<\/div>\n\t\t<\/div>\n\t\t\t\t<div class=\"elementor-column elementor-col-25 elementor-top-column elementor-element elementor-element-5692e8f\" data-id=\"5692e8f\" data-element_type=\"column\">\n\t\t\t<div class=\"elementor-widget-wrap\">\n\t\t\t\t\t\t\t<\/div>\n\t\t<\/div>\n\t\t\t\t\t<\/div>\n\t\t<\/section>\n\t\t\t\t<section class=\"elementor-section elementor-top-section elementor-element elementor-element-7bc6786 elementor-section-boxed elementor-section-height-default elementor-section-height-default\" data-id=\"7bc6786\" data-element_type=\"section\">\n\t\t\t\t\t\t<div class=\"elementor-container elementor-column-gap-default\">\n\t\t\t\t\t<div class=\"elementor-column elementor-col-25 elementor-top-column elementor-element elementor-element-94204e5\" data-id=\"94204e5\" data-element_type=\"column\">\n\t\t\t<div class=\"elementor-widget-wrap\">\n\t\t\t\t\t\t\t<\/div>\n\t\t<\/div>\n\t\t\t\t<div class=\"elementor-column elementor-col-25 elementor-top-column elementor-element elementor-element-32f491f\" data-id=\"32f491f\" data-element_type=\"column\">\n\t\t\t<div class=\"elementor-widget-wrap elementor-element-populated\">\n\t\t\t\t\t\t<div class=\"elementor-element elementor-element-fceb5e5 elementor-widget elementor-widget-image\" data-id=\"fceb5e5\" data-element_type=\"widget\" data-widget_type=\"image.default\">\n\t\t\t\t<div class=\"elementor-widget-container\">\n\t\t\t\t\t\t\t\t\t\t\t\t\t<img decoding=\"async\" width=\"1024\" height=\"768\" src=\"https:\/\/www.animakids.lu\/wp-content\/uploads\/2020\/06\/Fontaine-chocolat.jpg\" class=\"attachment-large size-large wp-image-213\" alt=\"\" srcset=\"https:\/\/www.animakids.lu\/wp-content\/uploads\/2020\/06\/Fontaine-chocolat.jpg 1024w, https:\/\/www.animakids.lu\/wp-content\/uploads\/2020\/06\/Fontaine-chocolat-300x225.jpg 300w, https:\/\/www.animakids.lu\/wp-content\/uploads\/2020\/06\/Fontaine-chocolat-768x576.jpg 768w\" sizes=\"(max-width: 1024px) 100vw, 1024px\" \/>\t\t\t\t\t\t\t\t\t\t\t\t\t<\/div>\n\t\t\t\t<\/div>\n\t\t\t\t<div class=\"elementor-element elementor-element-b86ad4e elementor-widget elementor-widget-heading\" data-id=\"b86ad4e\" data-element_type=\"widget\" data-widget_type=\"heading.default\">\n\t\t\t\t<div class=\"elementor-widget-container\">\n\t\t\t<h4 class=\"elementor-heading-title elementor-size-default\">Fontaine de chocolat<\/h4>\t\t<\/div>\n\t\t\t\t<\/div>\n\t\t\t\t<div class=\"elementor-element elementor-element-301e7ae elementor-widget elementor-widget-text-editor\" data-id=\"301e7ae\" data-element_type=\"widget\" data-widget_type=\"text-editor.default\">\n\t\t\t\t<div class=\"elementor-widget-container\">\n\t\t\t\t\t\t\t<p>\u00e0 partir de 79 \u20ac<\/p><p><em>sans consommables<\/em><\/p>\t\t\t\t\t\t<\/div>\n\t\t\t\t<\/div>\n\t\t\t\t\t<\/div>\n\t\t<\/div>\n\t\t\t\t<div class=\"elementor-column elementor-col-25 elementor-top-column elementor-element elementor-element-c1511a7\" data-id=\"c1511a7\" data-element_type=\"column\">\n\t\t\t<div class=\"elementor-widget-wrap elementor-element-populated\">\n\t\t\t\t\t\t<div class=\"elementor-element elementor-element-2a91dab elementor-widget elementor-widget-image\" data-id=\"2a91dab\" data-element_type=\"widget\" data-widget_type=\"image.default\">\n\t\t\t\t<div class=\"elementor-widget-container\">\n\t\t\t\t\t\t\t\t\t\t\t\t\t<img loading=\"lazy\" decoding=\"async\" width=\"1024\" height=\"768\" src=\"https:\/\/www.animakids.lu\/wp-content\/uploads\/2020\/06\/Granita.jpg\" class=\"attachment-large size-large wp-image-214\" alt=\"\" srcset=\"https:\/\/www.animakids.lu\/wp-content\/uploads\/2020\/06\/Granita.jpg 1024w, https:\/\/www.animakids.lu\/wp-content\/uploads\/2020\/06\/Granita-300x225.jpg 300w, https:\/\/www.animakids.lu\/wp-content\/uploads\/2020\/06\/Granita-768x576.jpg 768w\" sizes=\"(max-width: 1024px) 100vw, 1024px\" \/>\t\t\t\t\t\t\t\t\t\t\t\t\t<\/div>\n\t\t\t\t<\/div>\n\t\t\t\t<div class=\"elementor-element elementor-element-bef082a elementor-widget elementor-widget-heading\" data-id=\"bef082a\" data-element_type=\"widget\" data-widget_type=\"heading.default\">\n\t\t\t\t<div class=\"elementor-widget-container\">\n\t\t\t<h4 class=\"elementor-heading-title elementor-size-default\">Granita<\/h4>\t\t<\/div>\n\t\t\t\t<\/div>\n\t\t\t\t<div class=\"elementor-element elementor-element-bf8aa25 elementor-widget elementor-widget-text-editor\" data-id=\"bf8aa25\" data-element_type=\"widget\" data-widget_type=\"text-editor.default\">\n\t\t\t\t<div class=\"elementor-widget-container\">\n\t\t\t\t\t\t\t<p>\u00e0 partir de 169 \u20ac<\/p><p>10L &#8211; 2 bacs<\/p><p><em>Possibilit\u00e9 d&rsquo;acheter le concentr\u00e9 (plusieurs go\u00fbts disponibles)<\/em><\/p>\t\t\t\t\t\t<\/div>\n\t\t\t\t<\/div>\n\t\t\t\t\t<\/div>\n\t\t<\/div>\n\t\t\t\t<div class=\"elementor-column elementor-col-25 elementor-top-column elementor-element elementor-element-17256e9\" data-id=\"17256e9\" data-element_type=\"column\">\n\t\t\t<div class=\"elementor-widget-wrap\">\n\t\t\t\t\t\t\t<\/div>\n\t\t<\/div>\n\t\t\t\t\t<\/div>\n\t\t<\/section>\n\t\t\t\t<section class=\"elementor-section elementor-top-section elementor-element elementor-element-1e63213 elementor-section-boxed elementor-section-height-default elementor-section-height-default\" data-id=\"1e63213\" data-element_type=\"section\">\n\t\t\t\t\t\t<div class=\"elementor-container elementor-column-gap-default\">\n\t\t\t\t\t<div class=\"elementor-column elementor-col-33 elementor-top-column elementor-element elementor-element-f1ca997\" data-id=\"f1ca997\" data-element_type=\"column\">\n\t\t\t<div class=\"elementor-widget-wrap\">\n\t\t\t\t\t\t\t<\/div>\n\t\t<\/div>\n\t\t\t\t<div class=\"elementor-column elementor-col-33 elementor-top-column elementor-element elementor-element-8e8baac\" data-id=\"8e8baac\" data-element_type=\"column\">\n\t\t\t<div class=\"elementor-widget-wrap elementor-element-populated\">\n\t\t\t\t\t\t<div class=\"elementor-element elementor-element-cad8527 elementor-align-center elementor-widget elementor-widget-button\" data-id=\"cad8527\" data-element_type=\"widget\" data-widget_type=\"button.default\">\n\t\t\t\t<div class=\"elementor-widget-container\">\n\t\t\t\t\t<div class=\"elementor-button-wrapper\">\n\t\t\t<a class=\"elementor-button elementor-button-link elementor-size-md\" href=\"mailto:hello@animakids.lu\">\n\t\t\t\t\t\t<span class=\"elementor-button-content-wrapper\">\n\t\t\t\t\t\t\t\t\t<span class=\"elementor-button-text\">Demandez votre devis<\/span>\n\t\t\t\t\t<\/span>\n\t\t\t\t\t<\/a>\n\t\t<\/div>\n\t\t\t\t<\/div>\n\t\t\t\t<\/div>\n\t\t\t\t\t<\/div>\n\t\t<\/div>\n\t\t\t\t<div class=\"elementor-column elementor-col-33 elementor-top-column elementor-element elementor-element-79572c0\" data-id=\"79572c0\" data-element_type=\"column\">\n\t\t\t<div class=\"elementor-widget-wrap\">\n\t\t\t\t\t\t\t<\/div>\n\t\t<\/div>\n\t\t\t\t\t<\/div>\n\t\t<\/section>\n\t\t\t\t<\/div>\n\t\t","protected":false},"excerpt":{"rendered":"<p>Barbe \u00e0 Papa \u00e0 partir de 79 \u20ac Possibilit\u00e9 d&rsquo;acheter le colorant et le sucre Plusieurs go\u00fbts disponibles Pop Corn \u00e0 partir de 79 \u20ac Possibilit\u00e9 d&rsquo;acheter le pop corn d\u00e9j\u00e0 \u00e9clat\u00e9 ainsi que les sachets Fontaine de chocolat \u00e0 partir de 79 \u20ac sans consommables Granita \u00e0 partir de 169 \u20ac 10L &#8211; 2&#8230;<\/p>\n","protected":false},"author":1,"featured_media":0,"parent":0,"menu_order":0,"comment_status":"closed","ping_status":"closed","template":"elementor_header_footer","meta":{"_kad_post_transparent":"","_kad_post_title":"","_kad_post_layout":"","_kad_post_sidebar_id":"","_kad_post_content_style":"","_kad_post_vertical_padding":"","_kad_post_feature":"","_kad_post_feature_position":"","_kad_post_header":false,"_kad_post_footer":false,"footnotes":""},"yoast_head":"<!-- This site is optimized with the Yoast SEO plugin v22.8 - https:\/\/yoast.com\/wordpress\/plugins\/seo\/ -->\n<title>Location mat\u00e9riel de confiserie \u00e0 Luxembourg - Animakids<\/title>\n<meta name=\"description\" content=\"Barbe \u00e0 papa, Machine \u00e0 pop corn, pop corn d\u00e9j\u00e0 \u00e9clat\u00e9s, Machine \u00e0 Granita, Fontaine \u00e0 chocolat sur 4 \u00e9tages... Tout ce dont vous avez besoin, se trouve chez nous !\" \/>\n<meta name=\"robots\" content=\"index, follow, max-snippet:-1, max-image-preview:large, max-video-preview:-1\" \/>\n<link rel=\"canonical\" href=\"https:\/\/www.animakids.lu\/index.php\/confiseries\/\" \/>\n<meta property=\"og:locale\" content=\"fr_FR\" \/>\n<meta property=\"og:type\" content=\"article\" \/>\n<meta property=\"og:title\" content=\"Location mat\u00e9riel de confiserie \u00e0 Luxembourg - Animakids\" \/>\n<meta property=\"og:description\" content=\"Barbe \u00e0 papa, Machine \u00e0 pop corn, pop corn d\u00e9j\u00e0 \u00e9clat\u00e9s, Machine \u00e0 Granita, Fontaine \u00e0 chocolat sur 4 \u00e9tages... Tout ce dont vous avez besoin, se trouve chez nous !\" \/>\n<meta property=\"og:url\" content=\"https:\/\/www.animakids.lu\/index.php\/confiseries\/\" \/>\n<meta property=\"article:publisher\" content=\"https:\/\/www.facebook.com\/animakidslu\" \/>\n<meta property=\"article:modified_time\" content=\"2020-06-04T13:29:36+00:00\" \/>\n<meta property=\"og:image\" content=\"http:\/\/www.animakids.lu\/wp-content\/uploads\/2020\/06\/Pop-Corn.jpg\" \/>\n<meta name=\"twitter:card\" content=\"summary_large_image\" \/>\n<script type=\"application\/ld+json\" class=\"yoast-schema-graph\">{\"@context\":\"https:\/\/schema.org\",\"@graph\":[{\"@type\":\"WebPage\",\"@id\":\"https:\/\/www.animakids.lu\/index.php\/confiseries\/\",\"url\":\"https:\/\/www.animakids.lu\/index.php\/confiseries\/\",\"name\":\"Location mat\u00e9riel de confiserie \u00e0 Luxembourg - Animakids\",\"isPartOf\":{\"@id\":\"https:\/\/www.animakids.lu\/#website\"},\"primaryImageOfPage\":{\"@id\":\"https:\/\/www.animakids.lu\/index.php\/confiseries\/#primaryimage\"},\"image\":{\"@id\":\"https:\/\/www.animakids.lu\/index.php\/confiseries\/#primaryimage\"},\"thumbnailUrl\":\"http:\/\/www.animakids.lu\/wp-content\/uploads\/2020\/06\/Pop-Corn.jpg\",\"datePublished\":\"2020-05-28T13:29:52+00:00\",\"dateModified\":\"2020-06-04T13:29:36+00:00\",\"description\":\"Barbe \u00e0 papa, Machine \u00e0 pop corn, pop corn d\u00e9j\u00e0 \u00e9clat\u00e9s, Machine \u00e0 Granita, Fontaine \u00e0 chocolat sur 4 \u00e9tages... Tout ce dont vous avez besoin, se trouve chez nous !\",\"breadcrumb\":{\"@id\":\"https:\/\/www.animakids.lu\/index.php\/confiseries\/#breadcrumb\"},\"inLanguage\":\"fr-FR\",\"potentialAction\":[{\"@type\":\"ReadAction\",\"target\":[\"https:\/\/www.animakids.lu\/index.php\/confiseries\/\"]}]},{\"@type\":\"ImageObject\",\"inLanguage\":\"fr-FR\",\"@id\":\"https:\/\/www.animakids.lu\/index.php\/confiseries\/#primaryimage\",\"url\":\"https:\/\/www.animakids.lu\/wp-content\/uploads\/2020\/06\/Pop-Corn.jpg\",\"contentUrl\":\"https:\/\/www.animakids.lu\/wp-content\/uploads\/2020\/06\/Pop-Corn.jpg\",\"width\":1024,\"height\":768},{\"@type\":\"BreadcrumbList\",\"@id\":\"https:\/\/www.animakids.lu\/index.php\/confiseries\/#breadcrumb\",\"itemListElement\":[{\"@type\":\"ListItem\",\"position\":1,\"name\":\"Accueil\",\"item\":\"http:\/\/www.animakids.lu\/\"},{\"@type\":\"ListItem\",\"position\":2,\"name\":\"CONFISERIES\"}]},{\"@type\":\"WebSite\",\"@id\":\"https:\/\/www.animakids.lu\/#website\",\"url\":\"https:\/\/www.animakids.lu\/\",\"name\":\"\",\"description\":\"Make your dreams come true\",\"potentialAction\":[{\"@type\":\"SearchAction\",\"target\":{\"@type\":\"EntryPoint\",\"urlTemplate\":\"https:\/\/www.animakids.lu\/?s={search_term_string}\"},\"query-input\":\"required name=search_term_string\"}],\"inLanguage\":\"fr-FR\"}]}<\/script>\n<!-- \/ Yoast SEO plugin. -->","yoast_head_json":{"title":"Location mat\u00e9riel de confiserie \u00e0 Luxembourg - Animakids","description":"Barbe \u00e0 papa, Machine \u00e0 pop corn, pop corn d\u00e9j\u00e0 \u00e9clat\u00e9s, Machine \u00e0 Granita, Fontaine \u00e0 chocolat sur 4 \u00e9tages... Tout ce dont vous avez besoin, se trouve chez nous !","robots":{"index":"index","follow":"follow","max-snippet":"max-snippet:-1","max-image-preview":"max-image-preview:large","max-video-preview":"max-video-preview:-1"},"canonical":"https:\/\/www.animakids.lu\/index.php\/confiseries\/","og_locale":"fr_FR","og_type":"article","og_title":"Location mat\u00e9riel de confiserie \u00e0 Luxembourg - Animakids","og_description":"Barbe \u00e0 papa, Machine \u00e0 pop corn, pop corn d\u00e9j\u00e0 \u00e9clat\u00e9s, Machine \u00e0 Granita, Fontaine \u00e0 chocolat sur 4 \u00e9tages... Tout ce dont vous avez besoin, se trouve chez nous !","og_url":"https:\/\/www.animakids.lu\/index.php\/confiseries\/","article_publisher":"https:\/\/www.facebook.com\/animakidslu","article_modified_time":"2020-06-04T13:29:36+00:00","og_image":[{"url":"http:\/\/www.animakids.lu\/wp-content\/uploads\/2020\/06\/Pop-Corn.jpg"}],"twitter_card":"summary_large_image","schema":{"@context":"https:\/\/schema.org","@graph":[{"@type":"WebPage","@id":"https:\/\/www.animakids.lu\/index.php\/confiseries\/","url":"https:\/\/www.animakids.lu\/index.php\/confiseries\/","name":"Location mat\u00e9riel de confiserie \u00e0 Luxembourg - Animakids","isPartOf":{"@id":"https:\/\/www.animakids.lu\/#website"},"primaryImageOfPage":{"@id":"https:\/\/www.animakids.lu\/index.php\/confiseries\/#primaryimage"},"image":{"@id":"https:\/\/www.animakids.lu\/index.php\/confiseries\/#primaryimage"},"thumbnailUrl":"http:\/\/www.animakids.lu\/wp-content\/uploads\/2020\/06\/Pop-Corn.jpg","datePublished":"2020-05-28T13:29:52+00:00","dateModified":"2020-06-04T13:29:36+00:00","description":"Barbe \u00e0 papa, Machine \u00e0 pop corn, pop corn d\u00e9j\u00e0 \u00e9clat\u00e9s, Machine \u00e0 Granita, Fontaine \u00e0 chocolat sur 4 \u00e9tages... Tout ce dont vous avez besoin, se trouve chez nous !","breadcrumb":{"@id":"https:\/\/www.animakids.lu\/index.php\/confiseries\/#breadcrumb"},"inLanguage":"fr-FR","potentialAction":[{"@type":"ReadAction","target":["https:\/\/www.animakids.lu\/index.php\/confiseries\/"]}]},{"@type":"ImageObject","inLanguage":"fr-FR","@id":"https:\/\/www.animakids.lu\/index.php\/confiseries\/#primaryimage","url":"https:\/\/www.animakids.lu\/wp-content\/uploads\/2020\/06\/Pop-Corn.jpg","contentUrl":"https:\/\/www.animakids.lu\/wp-content\/uploads\/2020\/06\/Pop-Corn.jpg","width":1024,"height":768},{"@type":"BreadcrumbList","@id":"https:\/\/www.animakids.lu\/index.php\/confiseries\/#breadcrumb","itemListElement":[{"@type":"ListItem","position":1,"name":"Accueil","item":"http:\/\/www.animakids.lu\/"},{"@type":"ListItem","position":2,"name":"CONFISERIES"}]},{"@type":"WebSite","@id":"https:\/\/www.animakids.lu\/#website","url":"https:\/\/www.animakids.lu\/","name":"","description":"Make your dreams come true","potentialAction":[{"@type":"SearchAction","target":{"@type":"EntryPoint","urlTemplate":"https:\/\/www.animakids.lu\/?s={search_term_string}"},"query-input":"required name=search_term_string"}],"inLanguage":"fr-FR"}]}},"_links":{"self":[{"href":"https:\/\/www.animakids.lu\/index.php\/wp-json\/wp\/v2\/pages\/125"}],"collection":[{"href":"https:\/\/www.animakids.lu\/index.php\/wp-json\/wp\/v2\/pages"}],"about":[{"href":"https:\/\/www.animakids.lu\/index.php\/wp-json\/wp\/v2\/types\/page"}],"author":[{"embeddable":true,"href":"https:\/\/www.animakids.lu\/index.php\/wp-json\/wp\/v2\/users\/1"}],"replies":[{"embeddable":true,"href":"https:\/\/www.animakids.lu\/index.php\/wp-json\/wp\/v2\/comments?post=125"}],"version-history":[{"count":8,"href":"https:\/\/www.animakids.lu\/index.php\/wp-json\/wp\/v2\/pages\/125\/revisions"}],"predecessor-version":[{"id":315,"href":"https:\/\/www.animakids.lu\/index.php\/wp-json\/wp\/v2\/pages\/125\/revisions\/315"}],"wp:attachment":[{"href":"https:\/\/www.animakids.lu\/index.php\/wp-json\/wp\/v2\/media?parent=125"}],"curies":[{"name":"wp","href":"https:\/\/api.w.org\/{rel}","templated":true}]}}