{"id":138,"date":"2020-05-28T15:45:15","date_gmt":"2020-05-28T13:45:15","guid":{"rendered":"http:\/\/www.animakids.lu\/?page_id=138"},"modified":"2020-06-04T15:54:35","modified_gmt":"2020-06-04T13:54:35","slug":"decoration-personnalisee","status":"publish","type":"page","link":"https:\/\/www.animakids.lu\/index.php\/decoration-personnalisee\/","title":{"rendered":"DECORATION"},"content":{"rendered":"\t\t<div data-elementor-type=\"wp-page\" data-elementor-id=\"138\" class=\"elementor elementor-138\">\n\t\t\t\t\t\t<section class=\"elementor-section elementor-top-section elementor-element elementor-element-7844eca elementor-section-boxed elementor-section-height-default elementor-section-height-default\" data-id=\"7844eca\" data-element_type=\"section\">\n\t\t\t\t\t\t<div class=\"elementor-container elementor-column-gap-default\">\n\t\t\t\t\t<div class=\"elementor-column elementor-col-33 elementor-top-column elementor-element elementor-element-736a6d7\" data-id=\"736a6d7\" data-element_type=\"column\">\n\t\t\t<div class=\"elementor-widget-wrap elementor-element-populated\">\n\t\t\t\t\t\t<div class=\"elementor-element elementor-element-024dfa1 elementor-widget elementor-widget-image\" data-id=\"024dfa1\" data-element_type=\"widget\" data-widget_type=\"image.default\">\n\t\t\t\t<div class=\"elementor-widget-container\">\n\t\t\t\t\t\t\t\t\t\t\t\t\t\t<a href=\"http:\/\/www.animakids.lu\/index.php\/ballons-2\/\">\n\t\t\t\t\t\t\t<img fetchpriority=\"high\" decoding=\"async\" width=\"300\" height=\"300\" src=\"https:\/\/www.animakids.lu\/wp-content\/uploads\/2020\/06\/D\u00e9co-300x300.jpg\" class=\"attachment-medium size-medium wp-image-220\" alt=\"\" srcset=\"https:\/\/www.animakids.lu\/wp-content\/uploads\/2020\/06\/D\u00e9co-300x300.jpg 300w, https:\/\/www.animakids.lu\/wp-content\/uploads\/2020\/06\/D\u00e9co-150x150.jpg 150w, https:\/\/www.animakids.lu\/wp-content\/uploads\/2020\/06\/D\u00e9co.jpg 500w\" sizes=\"(max-width: 300px) 100vw, 300px\" \/>\t\t\t\t\t\t\t\t<\/a>\n\t\t\t\t\t\t\t\t\t\t\t\t\t<\/div>\n\t\t\t\t<\/div>\n\t\t\t\t<div class=\"elementor-element elementor-element-f9518d1 elementor-widget elementor-widget-heading\" data-id=\"f9518d1\" data-element_type=\"widget\" data-widget_type=\"heading.default\">\n\t\t\t\t<div class=\"elementor-widget-container\">\n\t\t\t<h4 class=\"elementor-heading-title elementor-size-default\"><a href=\"http:\/\/www.animakids.lu\/index.php\/ballons-2\/\">Ballons<\/a><\/h4>\t\t<\/div>\n\t\t\t\t<\/div>\n\t\t\t\t\t<\/div>\n\t\t<\/div>\n\t\t\t\t<div class=\"elementor-column elementor-col-33 elementor-top-column elementor-element elementor-element-b030f97\" data-id=\"b030f97\" data-element_type=\"column\">\n\t\t\t<div class=\"elementor-widget-wrap elementor-element-populated\">\n\t\t\t\t\t\t<div class=\"elementor-element elementor-element-65d7d4a elementor-widget elementor-widget-image\" data-id=\"65d7d4a\" data-element_type=\"widget\" data-widget_type=\"image.default\">\n\t\t\t\t<div class=\"elementor-widget-container\">\n\t\t\t\t\t\t\t\t\t\t\t\t\t\t<a href=\"http:\/\/www.partyshop.lu\/fr\/88-vaiselle-jetable\">\n\t\t\t\t\t\t\t<img decoding=\"async\" width=\"300\" height=\"300\" src=\"https:\/\/www.animakids.lu\/wp-content\/uploads\/2020\/06\/Vaiselle-300x300.jpg\" class=\"attachment-medium size-medium wp-image-270\" alt=\"\" srcset=\"https:\/\/www.animakids.lu\/wp-content\/uploads\/2020\/06\/Vaiselle-300x300.jpg 300w, https:\/\/www.animakids.lu\/wp-content\/uploads\/2020\/06\/Vaiselle-150x150.jpg 150w, https:\/\/www.animakids.lu\/wp-content\/uploads\/2020\/06\/Vaiselle.jpg 500w\" sizes=\"(max-width: 300px) 100vw, 300px\" \/>\t\t\t\t\t\t\t\t<\/a>\n\t\t\t\t\t\t\t\t\t\t\t\t\t<\/div>\n\t\t\t\t<\/div>\n\t\t\t\t<div class=\"elementor-element elementor-element-583d291 elementor-widget elementor-widget-heading\" data-id=\"583d291\" data-element_type=\"widget\" data-widget_type=\"heading.default\">\n\t\t\t\t<div class=\"elementor-widget-container\">\n\t\t\t<h4 class=\"elementor-heading-title elementor-size-default\"><a href=\"http:\/\/www.partyshop.lu\/fr\/88-vaiselle-jetable\">Vaisselle Th\u00e9matique<\/a><\/h4>\t\t<\/div>\n\t\t\t\t<\/div>\n\t\t\t\t\t<\/div>\n\t\t<\/div>\n\t\t\t\t<div class=\"elementor-column elementor-col-33 elementor-top-column elementor-element elementor-element-10a6f89\" data-id=\"10a6f89\" data-element_type=\"column\">\n\t\t\t<div class=\"elementor-widget-wrap elementor-element-populated\">\n\t\t\t\t\t\t<div class=\"elementor-element elementor-element-61f81fc elementor-widget elementor-widget-image\" data-id=\"61f81fc\" data-element_type=\"widget\" data-widget_type=\"image.default\">\n\t\t\t\t<div class=\"elementor-widget-container\">\n\t\t\t\t\t\t\t\t\t\t\t\t\t\t<a href=\"http:\/\/www.partyshop.lu\/fr\/551-deco-box\">\n\t\t\t\t\t\t\t<img decoding=\"async\" width=\"300\" height=\"300\" src=\"https:\/\/www.animakids.lu\/wp-content\/uploads\/2020\/06\/D\u00e9co-Box-300x300.jpg\" class=\"attachment-medium size-medium wp-image-271\" alt=\"\" srcset=\"https:\/\/www.animakids.lu\/wp-content\/uploads\/2020\/06\/D\u00e9co-Box-300x300.jpg 300w, https:\/\/www.animakids.lu\/wp-content\/uploads\/2020\/06\/D\u00e9co-Box-150x150.jpg 150w, https:\/\/www.animakids.lu\/wp-content\/uploads\/2020\/06\/D\u00e9co-Box.jpg 500w\" sizes=\"(max-width: 300px) 100vw, 300px\" \/>\t\t\t\t\t\t\t\t<\/a>\n\t\t\t\t\t\t\t\t\t\t\t\t\t<\/div>\n\t\t\t\t<\/div>\n\t\t\t\t<div class=\"elementor-element elementor-element-c477f56 elementor-widget elementor-widget-heading\" data-id=\"c477f56\" data-element_type=\"widget\" data-widget_type=\"heading.default\">\n\t\t\t\t<div class=\"elementor-widget-container\">\n\t\t\t<h4 class=\"elementor-heading-title elementor-size-default\"><a href=\"http:\/\/www.partyshop.lu\/fr\/551-deco-box\">D\u00e9co Box<\/a><\/h4>\t\t<\/div>\n\t\t\t\t<\/div>\n\t\t\t\t\t<\/div>\n\t\t<\/div>\n\t\t\t\t\t<\/div>\n\t\t<\/section>\n\t\t\t\t<\/div>\n\t\t","protected":false},"excerpt":{"rendered":"<p>Ballons Vaisselle Th\u00e9matique D\u00e9co Box<\/p>\n","protected":false},"author":1,"featured_media":0,"parent":0,"menu_order":0,"comment_status":"closed","ping_status":"closed","template":"elementor_header_footer","meta":{"_kad_post_transparent":"","_kad_post_title":"","_kad_post_layout":"","_kad_post_sidebar_id":"","_kad_post_content_style":"","_kad_post_vertical_padding":"","_kad_post_feature":"","_kad_post_feature_position":"","_kad_post_header":false,"_kad_post_footer":false,"footnotes":""},"yoast_head":"<!-- This site is optimized with the Yoast SEO plugin v22.8 - https:\/\/yoast.com\/wordpress\/plugins\/seo\/ -->\n<title>D\u00e9coration anniversaire et \u00e9v\u00e8nements d&#039;entreprise - Animakids<\/title>\n<meta name=\"description\" content=\"De la d\u00e9coration ballons \u00e0 la sc\u00e9nographie compl\u00e8te de votre \u00e9v\u00e8nement, Animakids vous accompagne dans tous vos th\u00e8mes ! Ev\u00e8nement professionnels ou Priv\u00e9s.\" \/>\n<meta name=\"robots\" content=\"index, follow, max-snippet:-1, max-image-preview:large, max-video-preview:-1\" \/>\n<link rel=\"canonical\" href=\"https:\/\/www.animakids.lu\/index.php\/decoration-personnalisee\/\" \/>\n<meta property=\"og:locale\" content=\"fr_FR\" \/>\n<meta property=\"og:type\" content=\"article\" \/>\n<meta property=\"og:title\" content=\"D\u00e9coration anniversaire et \u00e9v\u00e8nements d&#039;entreprise - Animakids\" \/>\n<meta property=\"og:description\" content=\"De la d\u00e9coration ballons \u00e0 la sc\u00e9nographie compl\u00e8te de votre \u00e9v\u00e8nement, Animakids vous accompagne dans tous vos th\u00e8mes ! Ev\u00e8nement professionnels ou Priv\u00e9s.\" \/>\n<meta property=\"og:url\" content=\"https:\/\/www.animakids.lu\/index.php\/decoration-personnalisee\/\" \/>\n<meta property=\"article:publisher\" content=\"https:\/\/www.facebook.com\/animakidslu\" \/>\n<meta property=\"article:modified_time\" content=\"2020-06-04T13:54:35+00:00\" \/>\n<meta property=\"og:image\" content=\"http:\/\/www.animakids.lu\/wp-content\/uploads\/2020\/06\/Vaiselle-300x300.jpg\" \/>\n<meta name=\"twitter:card\" content=\"summary_large_image\" \/>\n<script type=\"application\/ld+json\" class=\"yoast-schema-graph\">{\"@context\":\"https:\/\/schema.org\",\"@graph\":[{\"@type\":\"WebPage\",\"@id\":\"https:\/\/www.animakids.lu\/index.php\/decoration-personnalisee\/\",\"url\":\"https:\/\/www.animakids.lu\/index.php\/decoration-personnalisee\/\",\"name\":\"D\u00e9coration anniversaire et \u00e9v\u00e8nements d'entreprise - Animakids\",\"isPartOf\":{\"@id\":\"https:\/\/www.animakids.lu\/#website\"},\"primaryImageOfPage\":{\"@id\":\"https:\/\/www.animakids.lu\/index.php\/decoration-personnalisee\/#primaryimage\"},\"image\":{\"@id\":\"https:\/\/www.animakids.lu\/index.php\/decoration-personnalisee\/#primaryimage\"},\"thumbnailUrl\":\"http:\/\/www.animakids.lu\/wp-content\/uploads\/2020\/06\/Vaiselle-300x300.jpg\",\"datePublished\":\"2020-05-28T13:45:15+00:00\",\"dateModified\":\"2020-06-04T13:54:35+00:00\",\"description\":\"De la d\u00e9coration ballons \u00e0 la sc\u00e9nographie compl\u00e8te de votre \u00e9v\u00e8nement, Animakids vous accompagne dans tous vos th\u00e8mes ! Ev\u00e8nement professionnels ou Priv\u00e9s.\",\"breadcrumb\":{\"@id\":\"https:\/\/www.animakids.lu\/index.php\/decoration-personnalisee\/#breadcrumb\"},\"inLanguage\":\"fr-FR\",\"potentialAction\":[{\"@type\":\"ReadAction\",\"target\":[\"https:\/\/www.animakids.lu\/index.php\/decoration-personnalisee\/\"]}]},{\"@type\":\"ImageObject\",\"inLanguage\":\"fr-FR\",\"@id\":\"https:\/\/www.animakids.lu\/index.php\/decoration-personnalisee\/#primaryimage\",\"url\":\"https:\/\/www.animakids.lu\/wp-content\/uploads\/2020\/06\/Vaiselle.jpg\",\"contentUrl\":\"https:\/\/www.animakids.lu\/wp-content\/uploads\/2020\/06\/Vaiselle.jpg\",\"width\":500,\"height\":500},{\"@type\":\"BreadcrumbList\",\"@id\":\"https:\/\/www.animakids.lu\/index.php\/decoration-personnalisee\/#breadcrumb\",\"itemListElement\":[{\"@type\":\"ListItem\",\"position\":1,\"name\":\"Accueil\",\"item\":\"http:\/\/www.animakids.lu\/\"},{\"@type\":\"ListItem\",\"position\":2,\"name\":\"DECORATION\"}]},{\"@type\":\"WebSite\",\"@id\":\"https:\/\/www.animakids.lu\/#website\",\"url\":\"https:\/\/www.animakids.lu\/\",\"name\":\"\",\"description\":\"Make your dreams come true\",\"potentialAction\":[{\"@type\":\"SearchAction\",\"target\":{\"@type\":\"EntryPoint\",\"urlTemplate\":\"https:\/\/www.animakids.lu\/?s={search_term_string}\"},\"query-input\":\"required name=search_term_string\"}],\"inLanguage\":\"fr-FR\"}]}<\/script>\n<!-- \/ Yoast SEO plugin. -->","yoast_head_json":{"title":"D\u00e9coration anniversaire et \u00e9v\u00e8nements d'entreprise - Animakids","description":"De la d\u00e9coration ballons \u00e0 la sc\u00e9nographie compl\u00e8te de votre \u00e9v\u00e8nement, Animakids vous accompagne dans tous vos th\u00e8mes ! Ev\u00e8nement professionnels ou Priv\u00e9s.","robots":{"index":"index","follow":"follow","max-snippet":"max-snippet:-1","max-image-preview":"max-image-preview:large","max-video-preview":"max-video-preview:-1"},"canonical":"https:\/\/www.animakids.lu\/index.php\/decoration-personnalisee\/","og_locale":"fr_FR","og_type":"article","og_title":"D\u00e9coration anniversaire et \u00e9v\u00e8nements d'entreprise - Animakids","og_description":"De la d\u00e9coration ballons \u00e0 la sc\u00e9nographie compl\u00e8te de votre \u00e9v\u00e8nement, Animakids vous accompagne dans tous vos th\u00e8mes ! Ev\u00e8nement professionnels ou Priv\u00e9s.","og_url":"https:\/\/www.animakids.lu\/index.php\/decoration-personnalisee\/","article_publisher":"https:\/\/www.facebook.com\/animakidslu","article_modified_time":"2020-06-04T13:54:35+00:00","og_image":[{"url":"http:\/\/www.animakids.lu\/wp-content\/uploads\/2020\/06\/Vaiselle-300x300.jpg"}],"twitter_card":"summary_large_image","schema":{"@context":"https:\/\/schema.org","@graph":[{"@type":"WebPage","@id":"https:\/\/www.animakids.lu\/index.php\/decoration-personnalisee\/","url":"https:\/\/www.animakids.lu\/index.php\/decoration-personnalisee\/","name":"D\u00e9coration anniversaire et \u00e9v\u00e8nements d'entreprise - Animakids","isPartOf":{"@id":"https:\/\/www.animakids.lu\/#website"},"primaryImageOfPage":{"@id":"https:\/\/www.animakids.lu\/index.php\/decoration-personnalisee\/#primaryimage"},"image":{"@id":"https:\/\/www.animakids.lu\/index.php\/decoration-personnalisee\/#primaryimage"},"thumbnailUrl":"http:\/\/www.animakids.lu\/wp-content\/uploads\/2020\/06\/Vaiselle-300x300.jpg","datePublished":"2020-05-28T13:45:15+00:00","dateModified":"2020-06-04T13:54:35+00:00","description":"De la d\u00e9coration ballons \u00e0 la sc\u00e9nographie compl\u00e8te de votre \u00e9v\u00e8nement, Animakids vous accompagne dans tous vos th\u00e8mes ! Ev\u00e8nement professionnels ou Priv\u00e9s.","breadcrumb":{"@id":"https:\/\/www.animakids.lu\/index.php\/decoration-personnalisee\/#breadcrumb"},"inLanguage":"fr-FR","potentialAction":[{"@type":"ReadAction","target":["https:\/\/www.animakids.lu\/index.php\/decoration-personnalisee\/"]}]},{"@type":"ImageObject","inLanguage":"fr-FR","@id":"https:\/\/www.animakids.lu\/index.php\/decoration-personnalisee\/#primaryimage","url":"https:\/\/www.animakids.lu\/wp-content\/uploads\/2020\/06\/Vaiselle.jpg","contentUrl":"https:\/\/www.animakids.lu\/wp-content\/uploads\/2020\/06\/Vaiselle.jpg","width":500,"height":500},{"@type":"BreadcrumbList","@id":"https:\/\/www.animakids.lu\/index.php\/decoration-personnalisee\/#breadcrumb","itemListElement":[{"@type":"ListItem","position":1,"name":"Accueil","item":"http:\/\/www.animakids.lu\/"},{"@type":"ListItem","position":2,"name":"DECORATION"}]},{"@type":"WebSite","@id":"https:\/\/www.animakids.lu\/#website","url":"https:\/\/www.animakids.lu\/","name":"","description":"Make your dreams come true","potentialAction":[{"@type":"SearchAction","target":{"@type":"EntryPoint","urlTemplate":"https:\/\/www.animakids.lu\/?s={search_term_string}"},"query-input":"required name=search_term_string"}],"inLanguage":"fr-FR"}]}},"_links":{"self":[{"href":"https:\/\/www.animakids.lu\/index.php\/wp-json\/wp\/v2\/pages\/138"}],"collection":[{"href":"https:\/\/www.animakids.lu\/index.php\/wp-json\/wp\/v2\/pages"}],"about":[{"href":"https:\/\/www.animakids.lu\/index.php\/wp-json\/wp\/v2\/types\/page"}],"author":[{"embeddable":true,"href":"https:\/\/www.animakids.lu\/index.php\/wp-json\/wp\/v2\/users\/1"}],"replies":[{"embeddable":true,"href":"https:\/\/www.animakids.lu\/index.php\/wp-json\/wp\/v2\/comments?post=138"}],"version-history":[{"count":9,"href":"https:\/\/www.animakids.lu\/index.php\/wp-json\/wp\/v2\/pages\/138\/revisions"}],"predecessor-version":[{"id":322,"href":"https:\/\/www.animakids.lu\/index.php\/wp-json\/wp\/v2\/pages\/138\/revisions\/322"}],"wp:attachment":[{"href":"https:\/\/www.animakids.lu\/index.php\/wp-json\/wp\/v2\/media?parent=138"}],"curies":[{"name":"wp","href":"https:\/\/api.w.org\/{rel}","templated":true}]}}