{"id":273,"date":"2020-06-04T12:53:30","date_gmt":"2020-06-04T10:53:30","guid":{"rendered":"http:\/\/www.animakids.lu\/?page_id=273"},"modified":"2020-06-04T15:25:27","modified_gmt":"2020-06-04T13:25:27","slug":"ballons-2","status":"publish","type":"page","link":"https:\/\/www.animakids.lu\/index.php\/ballons-2\/","title":{"rendered":"Ballons"},"content":{"rendered":"\t\t<div data-elementor-type=\"wp-page\" data-elementor-id=\"273\" class=\"elementor elementor-273\">\n\t\t\t\t\t\t<section class=\"elementor-section elementor-top-section elementor-element elementor-element-91480b8 elementor-section-boxed elementor-section-height-default elementor-section-height-default\" data-id=\"91480b8\" data-element_type=\"section\">\n\t\t\t\t\t\t<div class=\"elementor-container elementor-column-gap-default\">\n\t\t\t\t\t<div class=\"elementor-column elementor-col-100 elementor-top-column elementor-element elementor-element-5be034b\" data-id=\"5be034b\" data-element_type=\"column\">\n\t\t\t<div class=\"elementor-widget-wrap elementor-element-populated\">\n\t\t\t\t\t\t<div class=\"elementor-element elementor-element-18c5f5a elementor-widget elementor-widget-heading\" data-id=\"18c5f5a\" data-element_type=\"widget\" data-widget_type=\"heading.default\">\n\t\t\t\t<div class=\"elementor-widget-container\">\n\t\t\t<h2 class=\"elementor-heading-title elementor-size-default\">D\u00e9corations Ballons<\/h2>\t\t<\/div>\n\t\t\t\t<\/div>\n\t\t\t\t<div class=\"elementor-element elementor-element-83bd334 elementor-widget elementor-widget-text-editor\" data-id=\"83bd334\" data-element_type=\"widget\" data-widget_type=\"text-editor.default\">\n\t\t\t\t<div class=\"elementor-widget-container\">\n\t\t\t\t\t\t\t<p>Suivant votre th\u00e8me et de votre budget, nous vous proposerons une s\u00e9lection de d\u00e9coration en ballons.<\/p>\t\t\t\t\t\t<\/div>\n\t\t\t\t<\/div>\n\t\t\t\t\t<\/div>\n\t\t<\/div>\n\t\t\t\t\t<\/div>\n\t\t<\/section>\n\t\t\t\t<section class=\"elementor-section elementor-top-section elementor-element elementor-element-5a08fda elementor-section-boxed elementor-section-height-default elementor-section-height-default\" data-id=\"5a08fda\" data-element_type=\"section\">\n\t\t\t\t\t\t<div class=\"elementor-container elementor-column-gap-default\">\n\t\t\t\t\t<div class=\"elementor-column elementor-col-33 elementor-top-column elementor-element elementor-element-1b6cc4c\" data-id=\"1b6cc4c\" data-element_type=\"column\">\n\t\t\t<div class=\"elementor-widget-wrap\">\n\t\t\t\t\t\t\t<\/div>\n\t\t<\/div>\n\t\t\t\t<div class=\"elementor-column elementor-col-33 elementor-top-column elementor-element elementor-element-44e97c0\" data-id=\"44e97c0\" data-element_type=\"column\">\n\t\t\t<div class=\"elementor-widget-wrap elementor-element-populated\">\n\t\t\t\t\t\t<div class=\"elementor-element elementor-element-cdf2d56 elementor-align-center elementor-widget elementor-widget-button\" data-id=\"cdf2d56\" data-element_type=\"widget\" data-widget_type=\"button.default\">\n\t\t\t\t<div class=\"elementor-widget-container\">\n\t\t\t\t\t<div class=\"elementor-button-wrapper\">\n\t\t\t<a class=\"elementor-button elementor-button-link elementor-size-md\" href=\"mailto:hello@animakids.lu\">\n\t\t\t\t\t\t<span class=\"elementor-button-content-wrapper\">\n\t\t\t\t\t\t\t\t\t<span class=\"elementor-button-text\">Demandez votre devis<\/span>\n\t\t\t\t\t<\/span>\n\t\t\t\t\t<\/a>\n\t\t<\/div>\n\t\t\t\t<\/div>\n\t\t\t\t<\/div>\n\t\t\t\t\t<\/div>\n\t\t<\/div>\n\t\t\t\t<div class=\"elementor-column elementor-col-33 elementor-top-column elementor-element elementor-element-98c1ab8\" data-id=\"98c1ab8\" data-element_type=\"column\">\n\t\t\t<div class=\"elementor-widget-wrap\">\n\t\t\t\t\t\t\t<\/div>\n\t\t<\/div>\n\t\t\t\t\t<\/div>\n\t\t<\/section>\n\t\t\t\t<section class=\"elementor-section elementor-top-section elementor-element elementor-element-c38fe10 elementor-section-boxed elementor-section-height-default elementor-section-height-default\" data-id=\"c38fe10\" data-element_type=\"section\">\n\t\t\t\t\t\t<div class=\"elementor-container elementor-column-gap-default\">\n\t\t\t\t\t<div class=\"elementor-column elementor-col-33 elementor-top-column elementor-element elementor-element-7578e75\" data-id=\"7578e75\" data-element_type=\"column\">\n\t\t\t<div class=\"elementor-widget-wrap\">\n\t\t\t\t\t\t\t<\/div>\n\t\t<\/div>\n\t\t\t\t<div class=\"elementor-column elementor-col-33 elementor-top-column elementor-element elementor-element-d17650c\" data-id=\"d17650c\" data-element_type=\"column\">\n\t\t\t<div class=\"elementor-widget-wrap elementor-element-populated\">\n\t\t\t\t\t\t<div class=\"elementor-element elementor-element-9db85be elementor-arrows-position-inside elementor-pagination-position-outside elementor-widget elementor-widget-image-carousel\" data-id=\"9db85be\" data-element_type=\"widget\" data-settings=\"{&quot;slides_to_show&quot;:&quot;1&quot;,&quot;navigation&quot;:&quot;both&quot;,&quot;autoplay&quot;:&quot;yes&quot;,&quot;pause_on_hover&quot;:&quot;yes&quot;,&quot;pause_on_interaction&quot;:&quot;yes&quot;,&quot;autoplay_speed&quot;:5000,&quot;infinite&quot;:&quot;yes&quot;,&quot;effect&quot;:&quot;slide&quot;,&quot;speed&quot;:500}\" data-widget_type=\"image-carousel.default\">\n\t\t\t\t<div class=\"elementor-widget-container\">\n\t\t\t\t\t<div class=\"elementor-image-carousel-wrapper swiper\" dir=\"ltr\">\n\t\t\t<div class=\"elementor-image-carousel swiper-wrapper\" aria-live=\"off\">\n\t\t\t\t\t\t\t\t<div class=\"swiper-slide\" role=\"group\" aria-roledescription=\"slide\" aria-label=\"1 sur 4\"><figure class=\"swiper-slide-inner\"><img decoding=\"async\" class=\"swiper-slide-image\" src=\"https:\/\/www.animakids.lu\/wp-content\/uploads\/2020\/06\/pirate.jpg\" alt=\"pirate\" \/><\/figure><\/div><div class=\"swiper-slide\" role=\"group\" aria-roledescription=\"slide\" aria-label=\"2 sur 4\"><figure class=\"swiper-slide-inner\"><img decoding=\"async\" class=\"swiper-slide-image\" src=\"https:\/\/www.animakids.lu\/wp-content\/uploads\/2020\/06\/Compo-anniv.jpg\" alt=\"Compo anniv\" \/><\/figure><\/div><div class=\"swiper-slide\" role=\"group\" aria-roledescription=\"slide\" aria-label=\"3 sur 4\"><figure class=\"swiper-slide-inner\"><img decoding=\"async\" class=\"swiper-slide-image\" src=\"https:\/\/www.animakids.lu\/wp-content\/uploads\/2020\/06\/bubble.jpg\" alt=\"bubble\" \/><\/figure><\/div><div class=\"swiper-slide\" role=\"group\" aria-roledescription=\"slide\" aria-label=\"4 sur 4\"><figure class=\"swiper-slide-inner\"><img decoding=\"async\" class=\"swiper-slide-image\" src=\"https:\/\/www.animakids.lu\/wp-content\/uploads\/2020\/06\/Ballons.jpg\" alt=\"Ballons\" \/><\/figure><\/div>\t\t\t<\/div>\n\t\t\t\t\t\t\t\t\t\t\t\t<div class=\"elementor-swiper-button elementor-swiper-button-prev\" role=\"button\" tabindex=\"0\">\n\t\t\t\t\t\t<i aria-hidden=\"true\" class=\"eicon-chevron-left\"><\/i>\t\t\t\t\t<\/div>\n\t\t\t\t\t<div class=\"elementor-swiper-button elementor-swiper-button-next\" role=\"button\" tabindex=\"0\">\n\t\t\t\t\t\t<i aria-hidden=\"true\" class=\"eicon-chevron-right\"><\/i>\t\t\t\t\t<\/div>\n\t\t\t\t\n\t\t\t\t\t\t\t\t\t<div class=\"swiper-pagination\"><\/div>\n\t\t\t\t\t\t\t\t\t<\/div>\n\t\t\t\t<\/div>\n\t\t\t\t<\/div>\n\t\t\t\t\t<\/div>\n\t\t<\/div>\n\t\t\t\t<div class=\"elementor-column elementor-col-33 elementor-top-column elementor-element elementor-element-bdadd43\" data-id=\"bdadd43\" data-element_type=\"column\">\n\t\t\t<div class=\"elementor-widget-wrap\">\n\t\t\t\t\t\t\t<\/div>\n\t\t<\/div>\n\t\t\t\t\t<\/div>\n\t\t<\/section>\n\t\t\t\t<section class=\"elementor-section elementor-top-section elementor-element elementor-element-c203768 elementor-section-boxed elementor-section-height-default elementor-section-height-default\" data-id=\"c203768\" data-element_type=\"section\">\n\t\t\t\t\t\t<div class=\"elementor-container elementor-column-gap-default\">\n\t\t\t\t\t<div class=\"elementor-column elementor-col-100 elementor-top-column elementor-element elementor-element-45b7755\" data-id=\"45b7755\" data-element_type=\"column\">\n\t\t\t<div class=\"elementor-widget-wrap elementor-element-populated\">\n\t\t\t\t\t\t<div class=\"elementor-element elementor-element-eb10945 elementor-widget elementor-widget-heading\" data-id=\"eb10945\" data-element_type=\"widget\" data-widget_type=\"heading.default\">\n\t\t\t\t<div class=\"elementor-widget-container\">\n\t\t\t<h2 class=\"elementor-heading-title elementor-size-default\">Il est aussi possible de commander en ligne via notre site Partyshop<\/h2>\t\t<\/div>\n\t\t\t\t<\/div>\n\t\t\t\t\t<\/div>\n\t\t<\/div>\n\t\t\t\t\t<\/div>\n\t\t<\/section>\n\t\t\t\t<section class=\"elementor-section elementor-top-section elementor-element elementor-element-c88138a elementor-section-boxed elementor-section-height-default elementor-section-height-default\" data-id=\"c88138a\" data-element_type=\"section\">\n\t\t\t\t\t\t<div class=\"elementor-container elementor-column-gap-default\">\n\t\t\t\t\t<div class=\"elementor-column elementor-col-33 elementor-top-column elementor-element elementor-element-c51b69a\" data-id=\"c51b69a\" data-element_type=\"column\">\n\t\t\t<div class=\"elementor-widget-wrap\">\n\t\t\t\t\t\t\t<\/div>\n\t\t<\/div>\n\t\t\t\t<div class=\"elementor-column elementor-col-33 elementor-top-column elementor-element elementor-element-f98b1fe\" data-id=\"f98b1fe\" data-element_type=\"column\">\n\t\t\t<div class=\"elementor-widget-wrap elementor-element-populated\">\n\t\t\t\t\t\t<div class=\"elementor-element elementor-element-d2571d6 elementor-widget elementor-widget-image\" data-id=\"d2571d6\" data-element_type=\"widget\" data-widget_type=\"image.default\">\n\t\t\t\t<div class=\"elementor-widget-container\">\n\t\t\t\t\t\t\t\t\t\t\t\t\t\t<a href=\"http:\/\/www.partyshop.lu\">\n\t\t\t\t\t\t\t<img decoding=\"async\" width=\"241\" height=\"84\" src=\"https:\/\/www.animakids.lu\/wp-content\/uploads\/2020\/06\/Logo2017-2-copie-copie.png\" class=\"attachment-large size-large wp-image-281\" alt=\"\" \/>\t\t\t\t\t\t\t\t<\/a>\n\t\t\t\t\t\t\t\t\t\t\t\t\t<\/div>\n\t\t\t\t<\/div>\n\t\t\t\t\t<\/div>\n\t\t<\/div>\n\t\t\t\t<div class=\"elementor-column elementor-col-33 elementor-top-column elementor-element elementor-element-9c62774\" data-id=\"9c62774\" data-element_type=\"column\">\n\t\t\t<div class=\"elementor-widget-wrap\">\n\t\t\t\t\t\t\t<\/div>\n\t\t<\/div>\n\t\t\t\t\t<\/div>\n\t\t<\/section>\n\t\t\t\t<\/div>\n\t\t","protected":false},"excerpt":{"rendered":"<p>D\u00e9corations Ballons Suivant votre th\u00e8me et de votre budget, nous vous proposerons une s\u00e9lection de d\u00e9coration en ballons. Demandez votre devis Pr\u00e9c\u00e9dent Suivant Il est aussi possible de commander en ligne via notre site Partyshop<\/p>\n","protected":false},"author":1,"featured_media":0,"parent":0,"menu_order":0,"comment_status":"closed","ping_status":"closed","template":"elementor_header_footer","meta":{"_kad_post_transparent":"","_kad_post_title":"","_kad_post_layout":"","_kad_post_sidebar_id":"","_kad_post_content_style":"","_kad_post_vertical_padding":"","_kad_post_feature":"","_kad_post_feature_position":"","_kad_post_header":false,"_kad_post_footer":false,"footnotes":""},"yoast_head":"<!-- This site is optimized with the Yoast SEO plugin v22.8 - https:\/\/yoast.com\/wordpress\/plugins\/seo\/ -->\n<title>Ballons -<\/title>\n<meta name=\"robots\" content=\"index, follow, max-snippet:-1, max-image-preview:large, max-video-preview:-1\" \/>\n<link rel=\"canonical\" href=\"https:\/\/www.animakids.lu\/index.php\/ballons-2\/\" \/>\n<meta property=\"og:locale\" content=\"fr_FR\" \/>\n<meta property=\"og:type\" content=\"article\" \/>\n<meta property=\"og:title\" content=\"Ballons -\" \/>\n<meta property=\"og:description\" content=\"D\u00e9corations Ballons Suivant votre th\u00e8me et de votre budget, nous vous proposerons une s\u00e9lection de d\u00e9coration en ballons. Demandez votre devis Pr\u00e9c\u00e9dent Suivant Il est aussi possible de commander en ligne via notre site Partyshop\" \/>\n<meta property=\"og:url\" content=\"https:\/\/www.animakids.lu\/index.php\/ballons-2\/\" \/>\n<meta property=\"article:publisher\" content=\"https:\/\/www.facebook.com\/animakidslu\" \/>\n<meta property=\"article:modified_time\" content=\"2020-06-04T13:25:27+00:00\" \/>\n<meta property=\"og:image\" content=\"http:\/\/www.animakids.lu\/wp-content\/uploads\/2020\/06\/pirate.jpg\" \/>\n<meta name=\"twitter:card\" content=\"summary_large_image\" \/>\n<script type=\"application\/ld+json\" class=\"yoast-schema-graph\">{\"@context\":\"https:\/\/schema.org\",\"@graph\":[{\"@type\":\"WebPage\",\"@id\":\"https:\/\/www.animakids.lu\/index.php\/ballons-2\/\",\"url\":\"https:\/\/www.animakids.lu\/index.php\/ballons-2\/\",\"name\":\"Ballons -\",\"isPartOf\":{\"@id\":\"https:\/\/www.animakids.lu\/#website\"},\"primaryImageOfPage\":{\"@id\":\"https:\/\/www.animakids.lu\/index.php\/ballons-2\/#primaryimage\"},\"image\":{\"@id\":\"https:\/\/www.animakids.lu\/index.php\/ballons-2\/#primaryimage\"},\"thumbnailUrl\":\"http:\/\/www.animakids.lu\/wp-content\/uploads\/2020\/06\/pirate.jpg\",\"datePublished\":\"2020-06-04T10:53:30+00:00\",\"dateModified\":\"2020-06-04T13:25:27+00:00\",\"breadcrumb\":{\"@id\":\"https:\/\/www.animakids.lu\/index.php\/ballons-2\/#breadcrumb\"},\"inLanguage\":\"fr-FR\",\"potentialAction\":[{\"@type\":\"ReadAction\",\"target\":[\"https:\/\/www.animakids.lu\/index.php\/ballons-2\/\"]}]},{\"@type\":\"ImageObject\",\"inLanguage\":\"fr-FR\",\"@id\":\"https:\/\/www.animakids.lu\/index.php\/ballons-2\/#primaryimage\",\"url\":\"https:\/\/www.animakids.lu\/wp-content\/uploads\/2020\/06\/pirate.jpg\",\"contentUrl\":\"https:\/\/www.animakids.lu\/wp-content\/uploads\/2020\/06\/pirate.jpg\",\"width\":1024,\"height\":768},{\"@type\":\"BreadcrumbList\",\"@id\":\"https:\/\/www.animakids.lu\/index.php\/ballons-2\/#breadcrumb\",\"itemListElement\":[{\"@type\":\"ListItem\",\"position\":1,\"name\":\"Accueil\",\"item\":\"http:\/\/www.animakids.lu\/\"},{\"@type\":\"ListItem\",\"position\":2,\"name\":\"Ballons\"}]},{\"@type\":\"WebSite\",\"@id\":\"https:\/\/www.animakids.lu\/#website\",\"url\":\"https:\/\/www.animakids.lu\/\",\"name\":\"\",\"description\":\"Make your dreams come true\",\"potentialAction\":[{\"@type\":\"SearchAction\",\"target\":{\"@type\":\"EntryPoint\",\"urlTemplate\":\"https:\/\/www.animakids.lu\/?s={search_term_string}\"},\"query-input\":\"required name=search_term_string\"}],\"inLanguage\":\"fr-FR\"}]}<\/script>\n<!-- \/ Yoast SEO plugin. -->","yoast_head_json":{"title":"Ballons -","robots":{"index":"index","follow":"follow","max-snippet":"max-snippet:-1","max-image-preview":"max-image-preview:large","max-video-preview":"max-video-preview:-1"},"canonical":"https:\/\/www.animakids.lu\/index.php\/ballons-2\/","og_locale":"fr_FR","og_type":"article","og_title":"Ballons -","og_description":"D\u00e9corations Ballons Suivant votre th\u00e8me et de votre budget, nous vous proposerons une s\u00e9lection de d\u00e9coration en ballons. Demandez votre devis Pr\u00e9c\u00e9dent Suivant Il est aussi possible de commander en ligne via notre site Partyshop","og_url":"https:\/\/www.animakids.lu\/index.php\/ballons-2\/","article_publisher":"https:\/\/www.facebook.com\/animakidslu","article_modified_time":"2020-06-04T13:25:27+00:00","og_image":[{"url":"http:\/\/www.animakids.lu\/wp-content\/uploads\/2020\/06\/pirate.jpg"}],"twitter_card":"summary_large_image","schema":{"@context":"https:\/\/schema.org","@graph":[{"@type":"WebPage","@id":"https:\/\/www.animakids.lu\/index.php\/ballons-2\/","url":"https:\/\/www.animakids.lu\/index.php\/ballons-2\/","name":"Ballons -","isPartOf":{"@id":"https:\/\/www.animakids.lu\/#website"},"primaryImageOfPage":{"@id":"https:\/\/www.animakids.lu\/index.php\/ballons-2\/#primaryimage"},"image":{"@id":"https:\/\/www.animakids.lu\/index.php\/ballons-2\/#primaryimage"},"thumbnailUrl":"http:\/\/www.animakids.lu\/wp-content\/uploads\/2020\/06\/pirate.jpg","datePublished":"2020-06-04T10:53:30+00:00","dateModified":"2020-06-04T13:25:27+00:00","breadcrumb":{"@id":"https:\/\/www.animakids.lu\/index.php\/ballons-2\/#breadcrumb"},"inLanguage":"fr-FR","potentialAction":[{"@type":"ReadAction","target":["https:\/\/www.animakids.lu\/index.php\/ballons-2\/"]}]},{"@type":"ImageObject","inLanguage":"fr-FR","@id":"https:\/\/www.animakids.lu\/index.php\/ballons-2\/#primaryimage","url":"https:\/\/www.animakids.lu\/wp-content\/uploads\/2020\/06\/pirate.jpg","contentUrl":"https:\/\/www.animakids.lu\/wp-content\/uploads\/2020\/06\/pirate.jpg","width":1024,"height":768},{"@type":"BreadcrumbList","@id":"https:\/\/www.animakids.lu\/index.php\/ballons-2\/#breadcrumb","itemListElement":[{"@type":"ListItem","position":1,"name":"Accueil","item":"http:\/\/www.animakids.lu\/"},{"@type":"ListItem","position":2,"name":"Ballons"}]},{"@type":"WebSite","@id":"https:\/\/www.animakids.lu\/#website","url":"https:\/\/www.animakids.lu\/","name":"","description":"Make your dreams come true","potentialAction":[{"@type":"SearchAction","target":{"@type":"EntryPoint","urlTemplate":"https:\/\/www.animakids.lu\/?s={search_term_string}"},"query-input":"required name=search_term_string"}],"inLanguage":"fr-FR"}]}},"_links":{"self":[{"href":"https:\/\/www.animakids.lu\/index.php\/wp-json\/wp\/v2\/pages\/273"}],"collection":[{"href":"https:\/\/www.animakids.lu\/index.php\/wp-json\/wp\/v2\/pages"}],"about":[{"href":"https:\/\/www.animakids.lu\/index.php\/wp-json\/wp\/v2\/types\/page"}],"author":[{"embeddable":true,"href":"https:\/\/www.animakids.lu\/index.php\/wp-json\/wp\/v2\/users\/1"}],"replies":[{"embeddable":true,"href":"https:\/\/www.animakids.lu\/index.php\/wp-json\/wp\/v2\/comments?post=273"}],"version-history":[{"count":6,"href":"https:\/\/www.animakids.lu\/index.php\/wp-json\/wp\/v2\/pages\/273\/revisions"}],"predecessor-version":[{"id":313,"href":"https:\/\/www.animakids.lu\/index.php\/wp-json\/wp\/v2\/pages\/273\/revisions\/313"}],"wp:attachment":[{"href":"https:\/\/www.animakids.lu\/index.php\/wp-json\/wp\/v2\/media?parent=273"}],"curies":[{"name":"wp","href":"https:\/\/api.w.org\/{rel}","templated":true}]}}